{"id":2,"date":"2022-08-28T12:05:26","date_gmt":"2022-08-28T12:05:26","guid":{"rendered":"https:\/\/jonathan.laocoon.de\/?page_id=2"},"modified":"2022-11-11T17:39:54","modified_gmt":"2022-11-11T17:39:54","slug":"sample-page","status":"publish","type":"page","link":"https:\/\/jonathan.laocoon.de\/index.php\/sample-page\/","title":{"rendered":"\u00dcber mich"},"content":{"rendered":"\n<p>Hey!<\/p>\n\n\n<div class=\"wp-block-image\">\n<figure class=\"alignright size-large is-resized\"><img loading=\"lazy\" decoding=\"async\" src=\"https:\/\/jonathan.laocoon.de\/wp-content\/uploads\/2022\/09\/ECA1187F-ADED-4FAC-805A-4351E14A1757-1008x1024.jpeg\" alt=\"\" class=\"wp-image-36\" width=\"309\" height=\"313\" srcset=\"https:\/\/jonathan.laocoon.de\/wp-content\/uploads\/2022\/09\/ECA1187F-ADED-4FAC-805A-4351E14A1757-1008x1024.jpeg 1008w, https:\/\/jonathan.laocoon.de\/wp-content\/uploads\/2022\/09\/ECA1187F-ADED-4FAC-805A-4351E14A1757-295x300.jpeg 295w, https:\/\/jonathan.laocoon.de\/wp-content\/uploads\/2022\/09\/ECA1187F-ADED-4FAC-805A-4351E14A1757-768x780.jpeg 768w, https:\/\/jonathan.laocoon.de\/wp-content\/uploads\/2022\/09\/ECA1187F-ADED-4FAC-805A-4351E14A1757.jpeg 1387w\" sizes=\"auto, (max-width: 309px) 100vw, 309px\" \/><figcaption class=\"wp-element-caption\">\ud83d\ude42<\/figcaption><\/figure>\n<\/div>\n\n\n<p>Ich bin Jonathan. Seit l\u00e4ngerer Zeit habe ich davon getr\u00e4umt, mich nach dem Abitur ein Jahr im Ausland zu engagieren. Im Oktober 2021 habe ich mich dann bei Aktion S\u00fchnezeichen Friedensdienste (ASF) f\u00fcr einen einj\u00e4hrigen Friedensdienst beworben. ASF ist eine gemeinn\u00fctzige Organisation, die sich seit 1968 daf\u00fcr einsetzt, dass Deutschland die Kriegsschuld und die Verbrechen, welche durch den deutschen Terror zur Zeit des Nationalsozialismus begangen wurden, anerkennt. Bis heute engagiert sich die Organisation deswegen in sozialen und bildungspolitischen Projekten in Deutschland, aber auch den L\u00e4ndern, welche unter der deutschen Besatzung leiden mussten, wie etwa Norwegen, Polen oder Griechenland. Die Projekte umfassen Arbeit mit Menschen mit Behinderungen, sozial Benachteiligten und Gedenkst\u00e4tten- bzw. Bildungsarbeit. Im Mittelpunkt steht dabei, ein Zeichen gegen Antisemitismus, Rassismus und Rechtsextremismus zu setzen sowie sich f\u00fcr die Demokratie stark zu machen.<\/p>\n\n\n\n<h2 class=\"wp-block-heading\">Mein Weg in den Freiwilligendienst<\/h2>\n\n\n\n<p>Nach meiner Bewerbung wurde ich f\u00fcr das digitale Informations- und Auswahlseminar im Januar 2022 eingeladen. Schwer erk\u00e4ltet und mit Corona-Verdacht habe ich dann an dem Seminar teilgenommen, wo auch mein Interesse f\u00fcr Griechenland geweckt wurde. Etwa einen Monat sp\u00e4ter habe ich dann eine E-Mail mit der Zusage f\u00fcr einen Friedensdienst im Holocaust-Museum der Stadt Kal\u00e1vryta in Griechenland bekommen.<\/p>\n\n\n\n<h2 class=\"wp-block-heading\">Warum Griechenland?<\/h2>\n\n\n\n<p>Ich war bisher noch nie in Griechenland und wusste auch verh\u00e4ltnism\u00e4\u00dfig wenig \u00fcber das Land und seine Geschichte. Vor dem Seminar im Januar hatte ich Griechenland als Einsatzland nur vage auf dem Radar, aber die L\u00e4ndervorstellung auf dem Seminar hatte mich \u00fcberzeugt, dass ich dort meinen Friedensdienst antreten m\u00f6chte. Gerade die Besatzung Griechenlands wird meiner Meinung nach eher selten in der erinnerungspolitischen Debatte in Deutschland thematisiert und auch ich selber habe erst bei dem Seminar meine Informationsl\u00fccken bemerkt. Zudem bietet ASF erst seit 2021 Friedensdienste in Griechenland an, wodurch man als Freiwilliger der zweiten Generation besonders viele Mitgestaltungsm\u00f6glichkeiten hat und quasi eine Pionier-Rolle einnimmt. Zudem freue ich mich sehr darauf, die griechische Kultur, Sprache und besonders die Menschen vor Ort kennenzulernen.<\/p>\n","protected":false},"excerpt":{"rendered":"<p>Hey! Ich bin Jonathan. Seit l\u00e4ngerer Zeit habe ich davon getr\u00e4umt, mich nach dem Abitur ein Jahr im Ausland zu engagieren. Im Oktober 2021 habe ich mich dann bei Aktion S\u00fchnezeichen Friedensdienste (ASF) f\u00fcr einen einj\u00e4hrigen Friedensdienst beworben. ASF ist &hellip; <a href=\"https:\/\/jonathan.laocoon.de\/index.php\/sample-page\/\">Continue reading <span class=\"meta-nav\">&rarr;<\/span><\/a><\/p>\n","protected":false},"author":1,"featured_media":0,"parent":0,"menu_order":0,"comment_status":"closed","ping_status":"open","template":"","meta":{"footnotes":""},"class_list":["post-2","page","type-page","status-publish","hentry"],"_links":{"self":[{"href":"https:\/\/jonathan.laocoon.de\/index.php\/wp-json\/wp\/v2\/pages\/2","targetHints":{"allow":["GET"]}}],"collection":[{"href":"https:\/\/jonathan.laocoon.de\/index.php\/wp-json\/wp\/v2\/pages"}],"about":[{"href":"https:\/\/jonathan.laocoon.de\/index.php\/wp-json\/wp\/v2\/types\/page"}],"author":[{"embeddable":true,"href":"https:\/\/jonathan.laocoon.de\/index.php\/wp-json\/wp\/v2\/users\/1"}],"replies":[{"embeddable":true,"href":"https:\/\/jonathan.laocoon.de\/index.php\/wp-json\/wp\/v2\/comments?post=2"}],"version-history":[{"count":5,"href":"https:\/\/jonathan.laocoon.de\/index.php\/wp-json\/wp\/v2\/pages\/2\/revisions"}],"predecessor-version":[{"id":152,"href":"https:\/\/jonathan.laocoon.de\/index.php\/wp-json\/wp\/v2\/pages\/2\/revisions\/152"}],"wp:attachment":[{"href":"https:\/\/jonathan.laocoon.de\/index.php\/wp-json\/wp\/v2\/media?parent=2"}],"curies":[{"name":"wp","href":"https:\/\/api.w.org\/{rel}","templated":true}]}}